{"id":583,"date":"2022-02-09T02:31:14","date_gmt":"2022-02-09T01:31:14","guid":{"rendered":"https:\/\/bezlik.org\/?page_id=583"},"modified":"2022-02-09T02:39:17","modified_gmt":"2022-02-09T01:39:17","slug":"miedzynarodowe-wymiany-mlodziezy","status":"publish","type":"page","link":"https:\/\/bezlik.org\/ru\/fundacja\/obszar-pracy\/miedzynarodowe-wymiany-mlodziezy\/","title":{"rendered":"(Polski) Mi\u0119dzynarodowe wymiany m\u0142odzie\u017cy"},"content":{"rendered":"<p class=\"qtranxs-available-languages-message qtranxs-available-languages-message-ru\">\u0418\u0437\u0432\u0438\u043d\u0438\u0442\u0435, \u044d\u0442\u043e\u0442 \u0442\u0435\u043a\u0441\u0442 \u0434\u043e\u0441\u0442\u0443\u043f\u0435\u043d \u0442\u043e\u043b\u044c\u043a\u043e \u043d\u0430 &ldquo;<a href=\"https:\/\/bezlik.org\/pl\/wp-json\/wp\/v2\/pages\/583\" class=\"qtranxs-available-language-link qtranxs-available-language-link-pl\" title=\"Polski\">Polski<\/a>&rdquo;.<\/p>","protected":false},"excerpt":{"rendered":"<p>\u0418\u0437\u0432\u0438\u043d\u0438\u0442\u0435, \u044d\u0442\u043e\u0442 \u0442\u0435\u043a\u0441\u0442 \u0434\u043e\u0441\u0442\u0443\u043f\u0435\u043d \u0442\u043e\u043b\u044c\u043a\u043e \u043d\u0430 &ldquo;Polski&rdquo;.<\/p>\n","protected":false},"author":1,"featured_media":509,"parent":2,"menu_order":2,"comment_status":"closed","ping_status":"closed","template":"","meta":{"inline_featured_image":false,"footnotes":""},"class_list":{"0":"post-583","1":"page","2":"type-page","3":"status-publish","4":"has-post-thumbnail","6":"col-md-12"},"_links":{"self":[{"href":"https:\/\/bezlik.org\/ru\/wp-json\/wp\/v2\/pages\/583","targetHints":{"allow":["GET"]}}],"collection":[{"href":"https:\/\/bezlik.org\/ru\/wp-json\/wp\/v2\/pages"}],"about":[{"href":"https:\/\/bezlik.org\/ru\/wp-json\/wp\/v2\/types\/page"}],"author":[{"embeddable":true,"href":"https:\/\/bezlik.org\/ru\/wp-json\/wp\/v2\/users\/1"}],"replies":[{"embeddable":true,"href":"https:\/\/bezlik.org\/ru\/wp-json\/wp\/v2\/comments?post=583"}],"version-history":[{"count":0,"href":"https:\/\/bezlik.org\/ru\/wp-json\/wp\/v2\/pages\/583\/revisions"}],"up":[{"embeddable":true,"href":"https:\/\/bezlik.org\/ru\/wp-json\/wp\/v2\/pages\/2"}],"wp:featuredmedia":[{"embeddable":true,"href":"https:\/\/bezlik.org\/ru\/wp-json\/wp\/v2\/media\/509"}],"wp:attachment":[{"href":"https:\/\/bezlik.org\/ru\/wp-json\/wp\/v2\/media?parent=583"}],"curies":[{"name":"wp","href":"https:\/\/api.w.org\/{rel}","templated":true}]}}