{"id":49,"date":"2017-08-07T01:44:51","date_gmt":"2017-08-06T23:44:51","guid":{"rendered":"https:\/\/bezlik.org\/?page_id=49"},"modified":"2022-04-13T23:02:09","modified_gmt":"2022-04-13T21:02:09","slug":"kontakt","status":"publish","type":"page","link":"https:\/\/bezlik.org\/ru\/kontakt\/","title":{"rendered":"\u041a\u043e\u043d\u0442\u0430\u043a\u0442"},"content":{"rendered":"<p><\/p>\n<h3>Fundacja Bezlik<\/h3>\n<p><strong>tel.<\/strong> <a href=\"tel:0048504734142\">+48 504 73 41 42<\/a><br \/>\n<strong>e-mail:<\/strong> <a href=\"mailto:info@bezlik.org\">info@bezlik.org<\/a><\/p>\n<p><strong>siedziba:<\/strong> <a href=\"https:\/\/goo.gl\/maps\/fFaLCEa63KKSvnf27\" rel=\"noopener\" target=\"_blank\">Mikuszewo 23, 62-320 Mi\u0142os\u0142aw<\/a><br \/>\n<strong>biuro:<\/strong> <a href=\"https:\/\/goo.gl\/maps\/tjLoyvG9qHFat72G9\" rel=\"noopener\" target=\"_blank\">Feliksa Nowowiejskiego 15, 61-732 Pozna\u0144<\/a><\/p>\n<p><strong>PLN:<\/strong> 02109014760000000134717057<br \/>\n<strong>EURO:<\/strong> 85109014760000000143906410<br \/>\n<strong>SWIFT:<\/strong> WBKPPLPP<\/span><\/p>","protected":false},"excerpt":{"rendered":"<p>Fundacja Bezlik tel. +48 504 73 41 42 e-mail: info@bezlik.org siedziba: Mikuszewo 23, 62-320 Mi\u0142os\u0142aw biuro: Feliksa Nowowiejskiego 15, 61-732 Pozna\u0144 PLN: [&hellip;]<\/p>\n","protected":false},"author":1,"featured_media":0,"parent":0,"menu_order":0,"comment_status":"closed","ping_status":"closed","template":"","meta":{"inline_featured_image":false,"footnotes":""},"class_list":{"0":"post-49","1":"page","2":"type-page","3":"status-publish","5":"col-md-12"},"_links":{"self":[{"href":"https:\/\/bezlik.org\/ru\/wp-json\/wp\/v2\/pages\/49","targetHints":{"allow":["GET"]}}],"collection":[{"href":"https:\/\/bezlik.org\/ru\/wp-json\/wp\/v2\/pages"}],"about":[{"href":"https:\/\/bezlik.org\/ru\/wp-json\/wp\/v2\/types\/page"}],"author":[{"embeddable":true,"href":"https:\/\/bezlik.org\/ru\/wp-json\/wp\/v2\/users\/1"}],"replies":[{"embeddable":true,"href":"https:\/\/bezlik.org\/ru\/wp-json\/wp\/v2\/comments?post=49"}],"version-history":[{"count":2,"href":"https:\/\/bezlik.org\/ru\/wp-json\/wp\/v2\/pages\/49\/revisions"}],"predecessor-version":[{"id":648,"href":"https:\/\/bezlik.org\/ru\/wp-json\/wp\/v2\/pages\/49\/revisions\/648"}],"wp:attachment":[{"href":"https:\/\/bezlik.org\/ru\/wp-json\/wp\/v2\/media?parent=49"}],"curies":[{"name":"wp","href":"https:\/\/api.w.org\/{rel}","templated":true}]}}