{"id":38,"date":"2017-08-07T01:27:48","date_gmt":"2017-08-06T23:27:48","guid":{"rendered":"https:\/\/bezlik.org\/?page_id=38"},"modified":"2022-04-13T23:42:40","modified_gmt":"2022-04-13T21:42:40","slug":"zespol","status":"publish","type":"page","link":"https:\/\/bezlik.org\/de\/fundacja\/zespol\/","title":{"rendered":"Team"},"content":{"rendered":"<p><\/p>\n<h3>Ma\u0142gorzata Bobrowska, Gesch\u00e4ftsf\u00fchrerin<\/h3>\n<p>Sie ist Absolventin der Technische Universit\u00e4t Berlin an Fakult\u00e4ten Geschichte und Deutsch als Fremdsprache. Bereits w\u00e4hrend ihres Studiums begann sie sich in polnisch-deutsche Projekte zu engagieren. In den Jahren 2004-2006 initiierte sie ein wissenschaftliches Forschungsprojekt &#8222;Verst\u00e4ndnis durch Verst\u00e4ndigung&#8220; in der Kooperation zwischen der TU Berlin und der Adam Mickiewicz Universit\u00e4t in Poznan. Im Jahr 2005 war sie durch ein Praktikum beim Projekt &#8222;Br\u00fccken K\u00f6pfe&#8220; mit Schloss Trebniz e.V verbunden. Seit 2006 arbeitet mit der Internationalen Jugendbildungsst\u00e4tte Mikuszewo und HochDrei e.V. als Bildungsreferentin und Koordinatorin bei polnisch-deutschen und trinationalen Projekten f\u00fcr Kinder und Jugendliche zusammen. Im April 2017 wurde sie zur Gesch\u00e4ftsf\u00fchrerin der Stiftung BEZLIK berufen. Die Stiftung unterst\u00fctzt vor allem die Projketarbeit der Jugendbildungsst\u00e4tte Mikuszewo, organisiert aber auch Ma\u00dfnahmen in Poznan. Als Ziel macht sich die Stiftung auch eine positive Wahrnehmung der Interkulturalit\u00e4t zu f\u00f6rdern, um die Akzeptanz der kulturellen und ethnischen Vielfalt zu unterst\u00fctzen.<br \/>\nSie arbeitete f\u00fcnf Jahre auch in unterschiedlichen Schule als Lehrerin f\u00fcr Deutsch und Geschichte.<\/p>","protected":false},"excerpt":{"rendered":"<p>Ma\u0142gorzata Bobrowska, Gesch\u00e4ftsf\u00fchrerin Sie ist Absolventin der Technische Universit\u00e4t Berlin an Fakult\u00e4ten Geschichte und Deutsch als Fremdsprache. Bereits w\u00e4hrend ihres Studiums begann [&hellip;]<\/p>\n","protected":false},"author":1,"featured_media":0,"parent":25,"menu_order":0,"comment_status":"closed","ping_status":"closed","template":"","meta":{"inline_featured_image":false,"footnotes":""},"class_list":{"0":"post-38","1":"page","2":"type-page","3":"status-publish","5":"col-md-12"},"_links":{"self":[{"href":"https:\/\/bezlik.org\/de\/wp-json\/wp\/v2\/pages\/38","targetHints":{"allow":["GET"]}}],"collection":[{"href":"https:\/\/bezlik.org\/de\/wp-json\/wp\/v2\/pages"}],"about":[{"href":"https:\/\/bezlik.org\/de\/wp-json\/wp\/v2\/types\/page"}],"author":[{"embeddable":true,"href":"https:\/\/bezlik.org\/de\/wp-json\/wp\/v2\/users\/1"}],"replies":[{"embeddable":true,"href":"https:\/\/bezlik.org\/de\/wp-json\/wp\/v2\/comments?post=38"}],"version-history":[{"count":25,"href":"https:\/\/bezlik.org\/de\/wp-json\/wp\/v2\/pages\/38\/revisions"}],"predecessor-version":[{"id":660,"href":"https:\/\/bezlik.org\/de\/wp-json\/wp\/v2\/pages\/38\/revisions\/660"}],"up":[{"embeddable":true,"href":"https:\/\/bezlik.org\/de\/wp-json\/wp\/v2\/pages\/25"}],"wp:attachment":[{"href":"https:\/\/bezlik.org\/de\/wp-json\/wp\/v2\/media?parent=38"}],"curies":[{"name":"wp","href":"https:\/\/api.w.org\/{rel}","templated":true}]}}