{"id":25,"date":"2017-08-07T01:03:24","date_gmt":"2017-08-06T23:03:24","guid":{"rendered":"https:\/\/bezlik.org\/?page_id=25"},"modified":"2022-02-09T00:39:56","modified_gmt":"2022-02-08T23:39:56","slug":"fundacja","status":"publish","type":"page","link":"https:\/\/bezlik.org\/de\/fundacja\/","title":{"rendered":"Stiftung"},"content":{"rendered":"<p>Die <strong>Fundacja Bezlik<\/strong> \u2013 Stiftung Bezlik (zu deutsch Vielzahl) wurde am 10.04.2017 in Pozna\u0144 gegr\u00fcndet. Birgit Weidemann, Gesch\u00e4ftsf\u00fchrerin von HochDrei und Mitglied des deutschen F\u00f6rdervereins Mikuszewo und Krzystof Hajder ein Aktiver der Jugendbegegnungsst\u00e4tte Mikuszewo riefen die Fundacja Bezlik ins Leben. Die Stiftung soll vor allem die Arbeit der Jugendbildungsst\u00e4tte Mikuszewo unterst\u00fctzen und eine Vielzahl (!) an Projekten zur F\u00f6rderung von Toleranz, Vielfalt und Demokratie realisieren. Bezlik wird aber auch au\u00dferhalb der Betriebszeit der Bildungst\u00e4tte Projekte in Pozna\u0144 organizieren.<\/p>","protected":false},"excerpt":{"rendered":"<p>Die Fundacja Bezlik \u2013 Stiftung Bezlik (zu deutsch Vielzahl) wurde am 10.04.2017 in Pozna\u0144 gegr\u00fcndet. Birgit Weidemann, Gesch\u00e4ftsf\u00fchrerin von HochDrei und Mitglied [&hellip;]<\/p>\n","protected":false},"author":1,"featured_media":0,"parent":0,"menu_order":0,"comment_status":"closed","ping_status":"closed","template":"","meta":{"inline_featured_image":false,"footnotes":""},"class_list":{"0":"post-25","1":"page","2":"type-page","3":"status-publish","5":"col-md-12"},"_links":{"self":[{"href":"https:\/\/bezlik.org\/de\/wp-json\/wp\/v2\/pages\/25","targetHints":{"allow":["GET"]}}],"collection":[{"href":"https:\/\/bezlik.org\/de\/wp-json\/wp\/v2\/pages"}],"about":[{"href":"https:\/\/bezlik.org\/de\/wp-json\/wp\/v2\/types\/page"}],"author":[{"embeddable":true,"href":"https:\/\/bezlik.org\/de\/wp-json\/wp\/v2\/users\/1"}],"replies":[{"embeddable":true,"href":"https:\/\/bezlik.org\/de\/wp-json\/wp\/v2\/comments?post=25"}],"version-history":[{"count":5,"href":"https:\/\/bezlik.org\/de\/wp-json\/wp\/v2\/pages\/25\/revisions"}],"predecessor-version":[{"id":225,"href":"https:\/\/bezlik.org\/de\/wp-json\/wp\/v2\/pages\/25\/revisions\/225"}],"wp:attachment":[{"href":"https:\/\/bezlik.org\/de\/wp-json\/wp\/v2\/media?parent=25"}],"curies":[{"name":"wp","href":"https:\/\/api.w.org\/{rel}","templated":true}]}}