{"id":2,"date":"2017-08-06T19:39:06","date_gmt":"2017-08-06T17:39:06","guid":{"rendered":"https:\/\/bezlik.org\/?page_id=2"},"modified":"2022-04-13T23:33:41","modified_gmt":"2022-04-13T21:33:41","slug":"obszar-pracy","status":"publish","type":"page","link":"https:\/\/bezlik.org\/de\/fundacja\/obszar-pracy\/","title":{"rendered":"Arbeitsfelder"},"content":{"rendered":"<p><\/p>\n<h3>Politische und interkulturelle Bildung<\/h3>\n<p>Wir wollen im Bereich der politischen Bildung und der F\u00f6rderung von Gleichberechtigung mit jungen Menschen arbeiten. Wir wollen tolerante Werte, Einstellungen und Verhaltensweisen unter Jugendlichen verbreiten. Diese Annahme beeinhaltet unter anderem das Lernen \u00fcber Respekt und gegenseitiges Verst\u00e4ndnis, soziale und moralische Verantwortung und Verst\u00e4rkung der Solidarit\u00e4t untereinander. Durch unsere Bem\u00fchungen wollen wir junge Menschen dazu ermutigen, sich lokal aktiv zu beteiligen und ihnen die M\u00f6glichkeit zu geben, ihr erworbenes praktisches Wissen und ihre F\u00e4higkeiten, Werte und Einstellungen praktisch einzusetzen.<\/p>\n<h3>Die Ziele der Stiftung:<\/h3>\n<ul>\n<li>Aktivit\u00e4ten zugunsten einer positiven Wahrnehmung von Interkulturalit\u00e4t, F\u00f6rderung der Akzeptanz kultureller, nationaler und ethnischer Vielfalt.<\/li>\n<li>Entwicklung und St\u00e4rkung von Haltungen, die auf eine aktive Zusammenarbeit bei der Entwicklung der Zivilgesellschaft ausgerichtet sind.<\/li>\n<li>Vermittlung und Schutz von Freiheit und Menschenrechten, b\u00fcrgerlichen Freiheiten sowie Aktivit\u00e4ten zugunsten der Demokratieentwicklung.<\/li>\n<li>Handlungen, die die Entwicklung von Gemeinschaften und lokalen Gemeinschaften unterst\u00fctzen.<\/li>\n<li>Handlungen zugunsten von Minderheiten.<\/li>\n<\/ul>\n<p><\/p>","protected":false},"excerpt":{"rendered":"<p>Politische und interkulturelle Bildung Wir wollen im Bereich der politischen Bildung und der F\u00f6rderung von Gleichberechtigung mit jungen Menschen arbeiten. Wir wollen [&hellip;]<\/p>\n","protected":false},"author":1,"featured_media":0,"parent":25,"menu_order":0,"comment_status":"closed","ping_status":"closed","template":"","meta":{"inline_featured_image":false,"footnotes":""},"class_list":{"0":"post-2","1":"page","2":"type-page","3":"status-publish","5":"col-md-12"},"_links":{"self":[{"href":"https:\/\/bezlik.org\/de\/wp-json\/wp\/v2\/pages\/2","targetHints":{"allow":["GET"]}}],"collection":[{"href":"https:\/\/bezlik.org\/de\/wp-json\/wp\/v2\/pages"}],"about":[{"href":"https:\/\/bezlik.org\/de\/wp-json\/wp\/v2\/types\/page"}],"author":[{"embeddable":true,"href":"https:\/\/bezlik.org\/de\/wp-json\/wp\/v2\/users\/1"}],"replies":[{"embeddable":true,"href":"https:\/\/bezlik.org\/de\/wp-json\/wp\/v2\/comments?post=2"}],"version-history":[{"count":14,"href":"https:\/\/bezlik.org\/de\/wp-json\/wp\/v2\/pages\/2\/revisions"}],"predecessor-version":[{"id":653,"href":"https:\/\/bezlik.org\/de\/wp-json\/wp\/v2\/pages\/2\/revisions\/653"}],"up":[{"embeddable":true,"href":"https:\/\/bezlik.org\/de\/wp-json\/wp\/v2\/pages\/25"}],"wp:attachment":[{"href":"https:\/\/bezlik.org\/de\/wp-json\/wp\/v2\/media?parent=2"}],"curies":[{"name":"wp","href":"https:\/\/api.w.org\/{rel}","templated":true}]}}